{"id":24,"date":"2017-07-21T00:49:34","date_gmt":"2017-07-20T22:49:34","guid":{"rendered":"http:\/\/deluxe-frechen.de\/website\/?page_id=24"},"modified":"2026-01-28T17:39:52","modified_gmt":"2026-01-28T16:39:52","slug":"das-deluxe","status":"publish","type":"page","link":"https:\/\/deluxe-frechen.de\/website\/das-deluxe\/","title":{"rendered":"Das DELUXE"},"content":{"rendered":"<p><strong><span style=\"color: #808080; font-family: Arial, Helvetica, sans-serif; font-size: medium;\"><b>Das DELUXE<\/b> <\/span><\/strong><\/p>\n<p><center><img src=\"http:\/\/deluxe-frechen.de\/images\/start.jpg\" \/><\/center><br \/>\n<span style=\"color: #003366; font-size: small;\"><strong>Offener Bereich:<\/strong><\/span><\/p>\n<p>&#8211; Theke<br \/>\n&#8211; Sitzecken<br \/>\n&#8211; Gesellschaftsspiele<br \/>\n&#8211; Bluetooth Lautsprecher<br \/>\n&#8211; Kicker<br \/>\n&#8211; Billard<br \/>\n&#8211; Tischtennis<br \/>\n&#8211; W-Lan<br \/>\n&#8211; Boxautomat<br \/>\n&#8211; Spiel-\/Sportmaterial<br \/>\n&#8211; Konsolen<br \/>\n&#8211; Terrasse\/Garten<\/p>\n<p><span style=\"font-family: Arial, Helvetica, sans-serif;\"><br \/>\n<img src=\"http:\/\/www.deluxe-frechen.de\/images\/DCP01779.jpg\" \/><br \/>\n<\/span><\/p>\n<p><span style=\"color: #003366; font-size: small;\"><strong>Au\u00dferdem und Au\u00dferhalb:<\/strong><\/span><\/p>\n<p>&#8211; pers\u00f6nliche Beratung bei Problemen und Fragen pers\u00f6nlicher, famili\u00e4rer, \u00a0\u00a0schulischer oder beruflicher Art<br \/>\n&#8211; in allen Schulferien Ferienprogramme<br \/>\n&#8211; Durchf\u00fchrung von Aktionen und Projekten aus den Bereichen Spiel, Spa\u00df und -Sport, Erlebnisp\u00e4dagogik, Multimedia,\u00a0 \u00a0Jugendkultur, Musik, Tanz -und Disco, interkulturelle Begegnung, Pr\u00e4vention und Jugendschutz, usw.<br \/>\n&#8211; M\u00f6glichkeit zur Mitbestimmung und Mitgestaltung der Angebote f\u00fcr alle Jugendlichen<\/p>\n<p><img src=\"http:\/\/deluxe-frechen.de\/images\/DCP01762.JPG\" \/> <img src=\"http:\/\/www.deluxe-frechen.de\/images\/DCP01523.jpg\" \/><br \/>\n_____________________________________________________<\/p>\n<p><span style=\"font-family: Arial, Helvetica, sans-serif;\">\u00a0\u00a0\u00a0\u00a0\u00a0\u00a0\u00a0\u00a0\u00a0\u00a0\u00a0\u00a0\u00a0\u00a0\u00a0\u00a0\u00a0\u00a0\u00a0\u00a0\u00a0\u00a0\u00a0\u00a0\u00a0\u00a0\u00a0\u00a0\u00a0\u00a0\u00a0\u00a0\u00a0\u00a0\u00a0\u00a0\u00a0\u00a0\u00a0\u00a0\u00a0\u00a0\u00a0\u00a0\u00a0\u00a0\u00a0\u00a0\u00a0\u00a0\u00a0\u00a0\u00a0\u00a0\u00a0\u00a0\u00a0\u00a0\u00a0\u00a0\u00a0\u00a0\u00a0\u00a0\u00a0\u00a0\u00a0<\/span><\/p>\n<p><strong>\u00d6 f f n u n g s z e i t e n<\/strong><\/p>\n<p><strong>Montag<\/strong>\u00a0 \u00a0 \u00a0 \u00a0 \u00a0 \u00a0 -&gt;\u00a0 \u00a0 14-17 Uhr Offener Bereich<\/p>\n<p><strong>Dienstag\u00a0 \u00a0 \u00a0<\/strong>\u00a0 \u00a0 -&gt;\u00a0 \u00a0 14-20 Uhr Offener Bereich<\/p>\n<p><strong>Mittwoch<\/strong>\u00a0 \u00a0 \u00a0 \u00a0-&gt;\u00a0 \u00a0 15-20 Uhr\u00a0 Offener Bereich<\/p>\n<p><strong>Donnerstag\u00a0 <\/strong>-&gt;\u00a0 \u00a0 14-20 Uhr Offener Bereich<\/p>\n<p><strong>Freitag<\/strong>\u00a0 \u00a0 \u00a0 \u00a0 \u00a0 \u00a0 \u00a0-&gt;\u00a0 \u00a0 14-20 Uhr Offener Bereich<\/p>\n","protected":false},"excerpt":{"rendered":"<p>Das DELUXE Offener Bereich: &#8211; Theke &#8211; Sitzecken &#8211; Gesellschaftsspiele &#8211; Bluetooth Lautsprecher &#8211; Kicker &#8211; Billard &#8211; Tischtennis &#8211; W-Lan &#8211; Boxautomat &#8211; Spiel-\/Sportmaterial &#8211; Konsolen &#8211; Terrasse\/Garten Au\u00dferdem und Au\u00dferhalb: &#8211; pers\u00f6nliche Beratung bei Problemen und Fragen pers\u00f6nlicher, famili\u00e4rer, \u00a0\u00a0schulischer oder beruflicher Art &#8211; in allen Schulferien Ferienprogramme &#8211; Durchf\u00fchrung von Aktionen und Projekten aus den Bereichen Spiel,<\/p>\n","protected":false},"author":1,"featured_media":0,"parent":0,"menu_order":1,"comment_status":"closed","ping_status":"closed","template":"","meta":{"_monsterinsights_skip_tracking":false,"_monsterinsights_sitenote_active":false,"_monsterinsights_sitenote_note":"","_monsterinsights_sitenote_category":0},"_links":{"self":[{"href":"https:\/\/deluxe-frechen.de\/website\/wp-json\/wp\/v2\/pages\/24"}],"collection":[{"href":"https:\/\/deluxe-frechen.de\/website\/wp-json\/wp\/v2\/pages"}],"about":[{"href":"https:\/\/deluxe-frechen.de\/website\/wp-json\/wp\/v2\/types\/page"}],"author":[{"embeddable":true,"href":"https:\/\/deluxe-frechen.de\/website\/wp-json\/wp\/v2\/users\/1"}],"replies":[{"embeddable":true,"href":"https:\/\/deluxe-frechen.de\/website\/wp-json\/wp\/v2\/comments?post=24"}],"version-history":[{"count":19,"href":"https:\/\/deluxe-frechen.de\/website\/wp-json\/wp\/v2\/pages\/24\/revisions"}],"predecessor-version":[{"id":573,"href":"https:\/\/deluxe-frechen.de\/website\/wp-json\/wp\/v2\/pages\/24\/revisions\/573"}],"wp:attachment":[{"href":"https:\/\/deluxe-frechen.de\/website\/wp-json\/wp\/v2\/media?parent=24"}],"curies":[{"name":"wp","href":"https:\/\/api.w.org\/{rel}","templated":true}]}}